{"id":6094,"date":"2023-08-11T12:34:49","date_gmt":"2023-08-11T14:34:49","guid":{"rendered":"https:\/\/www.tingsvall-mccarthy.com\/productos-dentales-ecologicos-barcelona\/"},"modified":"2024-12-12T07:26:22","modified_gmt":"2024-12-12T09:26:22","slug":"productos-dentales-ecologicos-barcelona","status":"publish","type":"page","link":"https:\/\/tingsvall-mccarthy.com\/es\/productos-dentales-ecologicos-barcelona\/","title":{"rendered":"Productos Dentales Ecol\u00f3gicos Barcelona"},"content":{"rendered":"\t\t<div data-elementor-type=\"wp-page\" data-elementor-id=\"6094\" class=\"elementor elementor-6094 elementor-2515\" data-elementor-post-type=\"page\">\n\t\t\t\t<div class=\"elementor-element elementor-element-efc39fd e-con-full e-flex e-con e-parent\" data-id=\"efc39fd\" data-element_type=\"container\" data-e-type=\"container\" data-settings=\"{&quot;background_background&quot;:&quot;classic&quot;}\">\n\t\t<div class=\"elementor-element elementor-element-def0a29 e-con-full e-flex e-con e-child\" data-id=\"def0a29\" data-element_type=\"container\" data-e-type=\"container\">\n\t\t\t\t<div class=\"elementor-element elementor-element-04afd26 elementor-widget-tablet__width-initial elementor-widget elementor-widget-elementskit-heading\" data-id=\"04afd26\" data-element_type=\"widget\" data-e-type=\"widget\" data-widget_type=\"elementskit-heading.default\">\n\t\t\t\t<div class=\"elementor-widget-container\">\n\t\t\t\t\t<div class=\"ekit-wid-con\" ><div class=\"ekit-heading elementskit-section-title-wraper text_left   ekit_heading_tablet-   ekit_heading_mobile-\"><span class=\"elementskit-section-subtitle  elementskit-style-border\">\n\t\t\t\t\t\tProductos de higiene dental de Elena McCarthy\n\t\t\t\t\t<\/span><h2 class=\"ekit-heading--title elementskit-section-title \">El poder de la naturaleza en el cuidado bucodental<\/h2><\/div><\/div>\t\t\t\t<\/div>\n\t\t\t\t<\/div>\n\t\t\t\t<div class=\"elementor-element elementor-element-a513340 elementor-widget elementor-widget-text-editor\" data-id=\"a513340\" data-element_type=\"widget\" data-e-type=\"widget\" data-widget_type=\"text-editor.default\">\n\t\t\t\t<div class=\"elementor-widget-container\">\n\t\t\t\t\t\t\t\t\t<p class=\"p1\">Con una amplia experiencia en el sector dental, Elena McCarthy ha elaborado una f\u00f3rmula excepcional dise\u00f1ada para proteger tu salud dental. Esta receta meticulosamente desarrollada refleja nuestro compromiso, ofreciendo beneficios \u00fanicos que realmente la distinguen.<\/p>\n\t\t\t\t\t\t\t\t<\/div>\n\t\t\t\t<\/div>\n\t\t\t\t<\/div>\n\t\t\t\t<div class=\"elementor-element elementor-element-4b9b3b2 elementor-widget__width-initial elementor-widget-tablet__width-inherit elementor-widget elementor-widget-image\" data-id=\"4b9b3b2\" data-element_type=\"widget\" data-e-type=\"widget\" data-widget_type=\"image.default\">\n\t\t\t\t<div class=\"elementor-widget-container\">\n\t\t\t\t\t\t\t\t\t\t\t\t\t\t\t<img fetchpriority=\"high\" decoding=\"async\" width=\"900\" height=\"1024\" src=\"https:\/\/tingsvall-mccarthy.com\/wp-content\/uploads\/2024\/11\/elena-mccarthy-tooth-paste-e1731183816549.jpg\" class=\"attachment-full size-full wp-image-5450\" alt=\"\" srcset=\"https:\/\/tingsvall-mccarthy.com\/wp-content\/uploads\/2024\/11\/elena-mccarthy-tooth-paste-e1731183816549.jpg 900w, https:\/\/tingsvall-mccarthy.com\/wp-content\/uploads\/2024\/11\/elena-mccarthy-tooth-paste-e1731183816549-264x300.jpg 264w, https:\/\/tingsvall-mccarthy.com\/wp-content\/uploads\/2024\/11\/elena-mccarthy-tooth-paste-e1731183816549-768x874.jpg 768w, https:\/\/tingsvall-mccarthy.com\/wp-content\/uploads\/2024\/11\/elena-mccarthy-tooth-paste-e1731183816549-600x683.jpg 600w\" sizes=\"(max-width: 900px) 100vw, 900px\" \/>\t\t\t\t\t\t\t\t\t\t\t\t\t\t\t<\/div>\n\t\t\t\t<\/div>\n\t\t\t\t<\/div>\n\t\t\t\t<section class=\"elementor-section elementor-top-section elementor-element elementor-element-9d2ed23 elementor-section-boxed elementor-section-height-default elementor-section-height-default\" data-id=\"9d2ed23\" data-element_type=\"section\" data-e-type=\"section\" data-settings=\"{&quot;background_background&quot;:&quot;classic&quot;}\">\n\t\t\t\t\t\t<div class=\"elementor-container elementor-column-gap-default\">\n\t\t\t\t\t<div class=\"elementor-column elementor-col-100 elementor-top-column elementor-element elementor-element-5ef5fb4\" data-id=\"5ef5fb4\" data-element_type=\"column\" data-e-type=\"column\">\n\t\t\t<div class=\"elementor-widget-wrap elementor-element-populated\">\n\t\t\t\t\t\t<section class=\"elementor-section elementor-inner-section elementor-element elementor-element-44bdf70 elementor-section-boxed elementor-section-height-default elementor-section-height-default\" data-id=\"44bdf70\" data-element_type=\"section\" data-e-type=\"section\">\n\t\t\t\t\t\t<div class=\"elementor-container elementor-column-gap-default\">\n\t\t\t\t\t<div class=\"elementor-column elementor-col-100 elementor-inner-column elementor-element elementor-element-4e7b22a\" data-id=\"4e7b22a\" data-element_type=\"column\" data-e-type=\"column\">\n\t\t\t<div class=\"elementor-widget-wrap elementor-element-populated\">\n\t\t\t\t\t\t<div class=\"elementor-element elementor-element-8c5c037 elementor-widget elementor-widget-elementskit-heading\" data-id=\"8c5c037\" data-element_type=\"widget\" data-e-type=\"widget\" data-widget_type=\"elementskit-heading.default\">\n\t\t\t\t<div class=\"elementor-widget-container\">\n\t\t\t\t\t<div class=\"ekit-wid-con\" ><div class=\"ekit-heading elementskit-section-title-wraper text_left   ekit_heading_tablet-   ekit_heading_mobile-\"><h2 class=\"ekit-heading--title elementskit-section-title \">M\u00e9todo de tres pasos<\/h2><h3 class=\"ekit-heading--subtitle elementskit-section-subtitle  \">\n\t\t\t\t\t\tNuestros productos est\u00e1n dise\u00f1ados siguiendo unos pasos vitales para mantener una boca y unos dientes sanos: Cada elemento de esta formulaci\u00f3n est\u00e1 meticulosamente seleccionado, procedente del reino de los productos org\u00e1nicos y naturales.\n\t\t\t\t\t<\/h3>\t\t\t\t<div class='ekit-heading__description'>\n\t\t\t\t\t<p>Nuestra dedicaci\u00f3n a aprovechar el poder de la naturaleza garantiza que cada aplicaci\u00f3n encarna la esencia de la pureza y el cuidado, proporcionando un nivel sin igual de protecci\u00f3n dental que resuena tanto en la ciencia como en la naturaleza.<\/p>\n\t\t\t\t<\/div>\n\t\t\t<\/div><\/div>\t\t\t\t<\/div>\n\t\t\t\t<\/div>\n\t\t<div class=\"elementor-element elementor-element-1ed67f5 e-grid e-con-boxed e-con e-parent\" data-id=\"1ed67f5\" data-element_type=\"container\" data-e-type=\"container\">\n\t\t\t\t\t<div class=\"e-con-inner\">\n\t\t\t\t<div class=\"elementor-element elementor-element-0cfc60a elementor-cta--skin-classic elementor-animated-content elementor-bg-transform elementor-bg-transform-zoom-in elementor-widget elementor-widget-call-to-action\" data-id=\"0cfc60a\" data-element_type=\"widget\" data-e-type=\"widget\" data-widget_type=\"call-to-action.default\">\n\t\t\t\t<div class=\"elementor-widget-container\">\n\t\t\t\t\t\t\t<div class=\"elementor-cta\">\n\t\t\t\t\t<div class=\"elementor-cta__bg-wrapper\">\n\t\t\t\t<div class=\"elementor-cta__bg elementor-bg\" style=\"background-image: url(https:\/\/tingsvall-mccarthy.com\/wp-content\/uploads\/2024\/11\/elena-mccarthy-tooth-paste-768x1024.jpg);\" role=\"img\" aria-label=\"elena-mccarthy-tooth-paste\"><\/div>\n\t\t\t\t<div class=\"elementor-cta__bg-overlay\"><\/div>\n\t\t\t<\/div>\n\t\t\t\t\t\t\t<div class=\"elementor-cta__content\">\n\t\t\t\t\n\t\t\t\t\t\t\t\t\t<h2 class=\"elementor-cta__title elementor-cta__content-item elementor-content-item\">\n\t\t\t\t\t\tExtracci\u00f3n de aceite\t\t\t\t\t<\/h2>\n\t\t\t\t\n\t\t\t\t\t\t\t\t\t<div class=\"elementor-cta__description elementor-cta__content-item elementor-content-item\">\n\t\t\t\t\t\t<p><i>Compuesto de resina de mirra, an\u00eds, romero, eucalipto, aceite de s\u00e9samo, aceite de germen de trigo, aceite de cal\u00e9ndula<br \/><\/i><br \/> Enju\u00e1gate la boca durante 4-5 minutos para combatir la placa dental a la vez que limpias y desintoxicas tus dientes.<\/p>\n\t\t\t\t\t<\/div>\n\t\t\t\t\n\t\t\t\t\t\t\t<\/div>\n\t\t\t\t\t\t\t<div class=\"elementor-ribbon\">\n\t\t\t\t<div class=\"elementor-ribbon-inner\">\n\t\t\t\t\tPaso 1\t\t\t\t<\/div>\n\t\t\t<\/div>\n\t\t\t\t<\/div>\n\t\t\t\t\t\t<\/div>\n\t\t\t\t<\/div>\n\t\t\t\t<div class=\"elementor-element elementor-element-0e6aec9 elementor-cta--skin-classic elementor-animated-content elementor-bg-transform elementor-bg-transform-zoom-in elementor-widget elementor-widget-call-to-action\" data-id=\"0e6aec9\" data-element_type=\"widget\" data-e-type=\"widget\" data-widget_type=\"call-to-action.default\">\n\t\t\t\t<div class=\"elementor-widget-container\">\n\t\t\t\t\t\t\t<div class=\"elementor-cta\">\n\t\t\t\t\t<div class=\"elementor-cta__bg-wrapper\">\n\t\t\t\t<div class=\"elementor-cta__bg elementor-bg\" style=\"background-image: url(https:\/\/tingsvall-mccarthy.com\/wp-content\/uploads\/2015\/11\/OurClinic_Foto3.jpg);\" role=\"img\" aria-label=\"OurClinic_Foto3\"><\/div>\n\t\t\t\t<div class=\"elementor-cta__bg-overlay\"><\/div>\n\t\t\t<\/div>\n\t\t\t\t\t\t\t<div class=\"elementor-cta__content\">\n\t\t\t\t\n\t\t\t\t\t\t\t\t\t<h2 class=\"elementor-cta__title elementor-cta__content-item elementor-content-item\">\n\t\t\t\t\t\tPasta de dientes\t\t\t\t\t<\/h2>\n\t\t\t\t\n\t\t\t\t\t\t\t\t\t<div class=\"elementor-cta__description elementor-cta__content-item elementor-content-item\">\n\t\t\t\t\t\t<p><i>Compuesto de aceite de coco, romero, mirra, lim\u00f3n, bicarbonato s\u00f3dico, arcilla blanca<br \/><\/i><br \/> Cep\u00edllate los dientes durante 2-3 minutos con nuestra pasta dent\u00edfrica de coco. Absorbe las toxinas, elimina las manchas y la placa dental.<\/p>\n\t\t\t\t\t<\/div>\n\t\t\t\t\n\t\t\t\t\t\t\t<\/div>\n\t\t\t\t\t\t\t<div class=\"elementor-ribbon\">\n\t\t\t\t<div class=\"elementor-ribbon-inner\">\n\t\t\t\t\tPaso 2\t\t\t\t<\/div>\n\t\t\t<\/div>\n\t\t\t\t<\/div>\n\t\t\t\t\t\t<\/div>\n\t\t\t\t<\/div>\n\t\t\t\t<div class=\"elementor-element elementor-element-933f125 elementor-cta--skin-classic elementor-animated-content elementor-bg-transform elementor-bg-transform-zoom-in elementor-widget elementor-widget-call-to-action\" data-id=\"933f125\" data-element_type=\"widget\" data-e-type=\"widget\" data-widget_type=\"call-to-action.default\">\n\t\t\t\t<div class=\"elementor-widget-container\">\n\t\t\t\t\t\t\t<div class=\"elementor-cta\">\n\t\t\t\t\t<div class=\"elementor-cta__bg-wrapper\">\n\t\t\t\t<div class=\"elementor-cta__bg elementor-bg\" style=\"background-image: url(https:\/\/tingsvall-mccarthy.com\/wp-content\/uploads\/2015\/11\/OurClinic_Foto3.jpg);\" role=\"img\" aria-label=\"OurClinic_Foto3\"><\/div>\n\t\t\t\t<div class=\"elementor-cta__bg-overlay\"><\/div>\n\t\t\t<\/div>\n\t\t\t\t\t\t\t<div class=\"elementor-cta__content\">\n\t\t\t\t\n\t\t\t\t\t\t\t\t\t<h2 class=\"elementor-cta__title elementor-cta__content-item elementor-content-item\">\n\t\t\t\t\t\tEnjuague de hierbas\t\t\t\t\t<\/h2>\n\t\t\t\t\n\t\t\t\t\t\t\t\t\t<div class=\"elementor-cta__description elementor-cta__content-item elementor-content-item\">\n\t\t\t\t\t\t<p><i>compuesto de salvia, \u00e1rbol del t\u00e9, lavanda, tintura de mirra, tintura de cal\u00e9ndula, tintura de romero, glicerina vegetal<br><br \/><\/i>Aclara durante 2 minutos. Nuestro enjuague de infusi\u00f3n de hierbas desinfecta las enc\u00edas y los dientes, previene las infecciones y ayuda al mantenimiento.<\/p>\n\t\t\t\t\t<\/div>\n\t\t\t\t\n\t\t\t\t\t\t\t<\/div>\n\t\t\t\t\t\t\t<div class=\"elementor-ribbon\">\n\t\t\t\t<div class=\"elementor-ribbon-inner\">\n\t\t\t\t\tPaso 3\t\t\t\t<\/div>\n\t\t\t<\/div>\n\t\t\t\t<\/div>\n\t\t\t\t\t\t<\/div>\n\t\t\t\t<\/div>\n\t\t\t\t\t<\/div>\n\t\t\t\t<\/div>\n\t\t\t\t\t<\/div>\n\t\t<\/div>\n\t\t\t\t\t<\/div>\n\t\t<\/section>\n\t\t\t\t\t<\/div>\n\t\t<\/div>\n\t\t\t\t\t<\/div>\n\t\t<\/section>\n\t\t<div class=\"elementor-element elementor-element-3d22291d e-con-full e-flex e-con e-parent\" data-id=\"3d22291d\" data-element_type=\"container\" data-e-type=\"container\" data-settings=\"{&quot;background_background&quot;:&quot;classic&quot;}\">\n\t\t\t\t<div class=\"elementor-element elementor-element-47585ef7 elementor-widget__width-initial elementor-widget-tablet__width-inherit elementor-widget elementor-widget-image\" data-id=\"47585ef7\" data-element_type=\"widget\" data-e-type=\"widget\" data-widget_type=\"image.default\">\n\t\t\t\t<div class=\"elementor-widget-container\">\n\t\t\t\t\t\t\t\t\t\t\t\t\t\t\t<img decoding=\"async\" width=\"800\" height=\"534\" src=\"https:\/\/tingsvall-mccarthy.com\/wp-content\/uploads\/2024\/10\/bamboo-toothbrush-zero-waste-care-products-2024-10-14-07-40-26-utc-Large-1024x683.jpeg\" class=\"attachment-large size-large wp-image-5197\" alt=\"\" srcset=\"https:\/\/tingsvall-mccarthy.com\/wp-content\/uploads\/2024\/10\/bamboo-toothbrush-zero-waste-care-products-2024-10-14-07-40-26-utc-Large-1024x683.jpeg 1024w, https:\/\/tingsvall-mccarthy.com\/wp-content\/uploads\/2024\/10\/bamboo-toothbrush-zero-waste-care-products-2024-10-14-07-40-26-utc-Large-300x200.jpeg 300w, https:\/\/tingsvall-mccarthy.com\/wp-content\/uploads\/2024\/10\/bamboo-toothbrush-zero-waste-care-products-2024-10-14-07-40-26-utc-Large-768x512.jpeg 768w, https:\/\/tingsvall-mccarthy.com\/wp-content\/uploads\/2024\/10\/bamboo-toothbrush-zero-waste-care-products-2024-10-14-07-40-26-utc-Large-600x400.jpeg 600w, https:\/\/tingsvall-mccarthy.com\/wp-content\/uploads\/2024\/10\/bamboo-toothbrush-zero-waste-care-products-2024-10-14-07-40-26-utc-Large.jpeg 1280w\" sizes=\"(max-width: 800px) 100vw, 800px\" \/>\t\t\t\t\t\t\t\t\t\t\t\t\t\t\t<\/div>\n\t\t\t\t<\/div>\n\t\t<div class=\"elementor-element elementor-element-519e6d36 e-con-full e-flex e-con e-child\" data-id=\"519e6d36\" data-element_type=\"container\" data-e-type=\"container\">\n\t\t\t\t<div class=\"elementor-element elementor-element-2ae79012 elementor-widget-tablet__width-initial elementor-widget elementor-widget-elementskit-heading\" data-id=\"2ae79012\" data-element_type=\"widget\" data-e-type=\"widget\" data-widget_type=\"elementskit-heading.default\">\n\t\t\t\t<div class=\"elementor-widget-container\">\n\t\t\t\t\t<div class=\"ekit-wid-con\" ><div class=\"ekit-heading elementskit-section-title-wraper text_left   ekit_heading_tablet-   ekit_heading_mobile-\"><span class=\"elementskit-section-subtitle  elementskit-style-border\">\n\t\t\t\t\t\tPara unos dientes y enc\u00edas sanos\n\t\t\t\t\t<\/span><\/div><\/div>\t\t\t\t<\/div>\n\t\t\t\t<\/div>\n\t\t\t\t<\/div>\n\t\t\t\t<\/div>\n\t\t\t\t<\/div>\n\t\t","protected":false},"excerpt":{"rendered":"<p>Productos de higiene dental de Elena McCarthy El poder de la naturaleza en el cuidado bucodental Con una amplia experiencia en el sector dental, Elena McCarthy ha elaborado una f\u00f3rmula excepcional dise\u00f1ada para proteger tu salud dental. Esta receta meticulosamente desarrollada refleja nuestro compromiso, ofreciendo beneficios \u00fanicos que realmente la distinguen. M\u00e9todo de tres pasos [&hellip;]<\/p>\n","protected":false},"author":3,"featured_media":2653,"parent":0,"menu_order":0,"comment_status":"closed","ping_status":"closed","template":"","meta":{"footnotes":""},"class_list":["post-6094","page","type-page","status-publish","has-post-thumbnail","hentry"],"_links":{"self":[{"href":"https:\/\/tingsvall-mccarthy.com\/es\/wp-json\/wp\/v2\/pages\/6094","targetHints":{"allow":["GET"]}}],"collection":[{"href":"https:\/\/tingsvall-mccarthy.com\/es\/wp-json\/wp\/v2\/pages"}],"about":[{"href":"https:\/\/tingsvall-mccarthy.com\/es\/wp-json\/wp\/v2\/types\/page"}],"author":[{"embeddable":true,"href":"https:\/\/tingsvall-mccarthy.com\/es\/wp-json\/wp\/v2\/users\/3"}],"replies":[{"embeddable":true,"href":"https:\/\/tingsvall-mccarthy.com\/es\/wp-json\/wp\/v2\/comments?post=6094"}],"version-history":[{"count":4,"href":"https:\/\/tingsvall-mccarthy.com\/es\/wp-json\/wp\/v2\/pages\/6094\/revisions"}],"predecessor-version":[{"id":6173,"href":"https:\/\/tingsvall-mccarthy.com\/es\/wp-json\/wp\/v2\/pages\/6094\/revisions\/6173"}],"wp:featuredmedia":[{"embeddable":true,"href":"https:\/\/tingsvall-mccarthy.com\/es\/wp-json\/wp\/v2\/media\/2653"}],"wp:attachment":[{"href":"https:\/\/tingsvall-mccarthy.com\/es\/wp-json\/wp\/v2\/media?parent=6094"}],"curies":[{"name":"wp","href":"https:\/\/api.w.org\/{rel}","templated":true}]}}